{"id":478,"date":"2024-04-18T13:30:48","date_gmt":"2024-04-18T10:30:48","guid":{"rendered":"https:\/\/kaisamakarainen.fi\/request-a-quote\/"},"modified":"2024-05-27T12:30:23","modified_gmt":"2024-05-27T09:30:23","slug":"request-a-quote","status":"publish","type":"page","link":"https:\/\/kaisamakarainen.fi\/en\/request-a-quote\/","title":{"rendered":"Request a quote"},"content":{"rendered":"<p>[et_pb_section fb_built=&#8221;1&#8243; module_class=&#8221;content&#8211;section no&#8211;padding&#8211;bottom&#8221; _builder_version=&#8221;4.24.0&#8243; _module_preset=&#8221;default&#8221; global_colors_info=&#8221;{}&#8221;][et_pb_row module_class=&#8221;content&#8211;row&#8221; _builder_version=&#8221;4.24.0&#8243; _module_preset=&#8221;default&#8221; global_colors_info=&#8221;{}&#8221;][et_pb_column type=&#8221;4_4&#8243; _builder_version=&#8221;4.24.0&#8243; _module_preset=&#8221;default&#8221; global_colors_info=&#8221;{}&#8221;][et_pb_text module_class=&#8221;sub&#8211;page&#8211;heading&#8221; _builder_version=&#8221;4.24.0&#8243; _module_preset=&#8221;default&#8221; global_colors_info=&#8221;{}&#8221;]<\/p>\n<h1>Request a quote<\/h1>\n<p>[\/et_pb_text][\/et_pb_column][\/et_pb_row][\/et_pb_section][et_pb_section fb_built=&#8221;1&#8243; _builder_version=&#8221;4.24.0&#8243; _module_preset=&#8221;default&#8221; global_colors_info=&#8221;{}&#8221;][et_pb_row column_structure=&#8221;3_5,2_5&#8243; make_equal=&#8221;on&#8221; _builder_version=&#8221;4.24.0&#8243; _module_preset=&#8221;default&#8221; global_colors_info=&#8221;{}&#8221;][et_pb_column type=&#8221;3_5&#8243; module_class=&#8221;vertical-align-flex&#8221; _builder_version=&#8221;4.24.0&#8243; _module_preset=&#8221;default&#8221; global_colors_info=&#8221;{}&#8221;][et_pb_text _builder_version=&#8221;4.24.0&#8243; _module_preset=&#8221;default&#8221; global_colors_info=&#8221;{}&#8221;]Feel free to get in touch if you are interested in a social media collaboration with me, a speaking or other performance gig, a coaching course or day, or you have something related to the media, e.g. interview request or other appearance.<br \/>\nYou can contact me directly through this form. I will answer you personally![\/et_pb_text][et_pb_contact_form email=&#8221;kappaleena@gmail.com&#8221; custom_message=&#8221;%%Name%%||et_pb_line_break_holder||%%Email%%||et_pb_line_break_holder||%%message%%&#8221; _builder_version=&#8221;4.24.0&#8243; _module_preset=&#8221;default&#8221; _unique_id=&#8221;2265a350-01cb-4687-a982-d6d05f64ccca&#8221; global_colors_info=&#8221;{}&#8221;][et_pb_contact_field field_id=&#8221;Name&#8221; field_title=&#8221;Name&#8221; _builder_version=&#8221;4.16&#8243; global_colors_info=&#8221;{}&#8221; button_text_size__hover_enabled=&#8221;off&#8221; button_one_text_size__hover_enabled=&#8221;off&#8221; button_two_text_size__hover_enabled=&#8221;off&#8221; button_text_color__hover_enabled=&#8221;off&#8221; button_one_text_color__hover_enabled=&#8221;off&#8221; button_two_text_color__hover_enabled=&#8221;off&#8221; button_border_width__hover_enabled=&#8221;off&#8221; button_one_border_width__hover_enabled=&#8221;off&#8221; button_two_border_width__hover_enabled=&#8221;off&#8221; button_border_color__hover_enabled=&#8221;off&#8221; button_one_border_color__hover_enabled=&#8221;off&#8221; button_two_border_color__hover_enabled=&#8221;off&#8221; button_border_radius__hover_enabled=&#8221;off&#8221; button_one_border_radius__hover_enabled=&#8221;off&#8221; button_two_border_radius__hover_enabled=&#8221;off&#8221; button_letter_spacing__hover_enabled=&#8221;off&#8221; button_one_letter_spacing__hover_enabled=&#8221;off&#8221; button_two_letter_spacing__hover_enabled=&#8221;off&#8221; button_bg_color__hover_enabled=&#8221;off&#8221; button_one_bg_color__hover_enabled=&#8221;off&#8221; button_two_bg_color__hover_enabled=&#8221;off&#8221;][\/et_pb_contact_field][et_pb_contact_field field_id=&#8221;Email&#8221; field_title=&#8221;Email address&#8221; field_type=&#8221;email&#8221; _builder_version=&#8221;4.16&#8243; global_colors_info=&#8221;{}&#8221; button_text_size__hover_enabled=&#8221;off&#8221; button_one_text_size__hover_enabled=&#8221;off&#8221; button_two_text_size__hover_enabled=&#8221;off&#8221; button_text_color__hover_enabled=&#8221;off&#8221; button_one_text_color__hover_enabled=&#8221;off&#8221; button_two_text_color__hover_enabled=&#8221;off&#8221; button_border_width__hover_enabled=&#8221;off&#8221; button_one_border_width__hover_enabled=&#8221;off&#8221; button_two_border_width__hover_enabled=&#8221;off&#8221; button_border_color__hover_enabled=&#8221;off&#8221; button_one_border_color__hover_enabled=&#8221;off&#8221; button_two_border_color__hover_enabled=&#8221;off&#8221; button_border_radius__hover_enabled=&#8221;off&#8221; button_one_border_radius__hover_enabled=&#8221;off&#8221; button_two_border_radius__hover_enabled=&#8221;off&#8221; button_letter_spacing__hover_enabled=&#8221;off&#8221; button_one_letter_spacing__hover_enabled=&#8221;off&#8221; button_two_letter_spacing__hover_enabled=&#8221;off&#8221; button_bg_color__hover_enabled=&#8221;off&#8221; button_one_bg_color__hover_enabled=&#8221;off&#8221; button_two_bg_color__hover_enabled=&#8221;off&#8221;][\/et_pb_contact_field][et_pb_contact_field field_id=&#8221;Message&#8221; field_title=&#8221;Message&#8221; field_type=&#8221;text&#8221; fullwidth_field=&#8221;on&#8221; _builder_version=&#8221;4.16&#8243; global_colors_info=&#8221;{}&#8221; button_text_size__hover_enabled=&#8221;off&#8221; button_one_text_size__hover_enabled=&#8221;off&#8221; button_two_text_size__hover_enabled=&#8221;off&#8221; button_text_color__hover_enabled=&#8221;off&#8221; button_one_text_color__hover_enabled=&#8221;off&#8221; button_two_text_color__hover_enabled=&#8221;off&#8221; button_border_width__hover_enabled=&#8221;off&#8221; button_one_border_width__hover_enabled=&#8221;off&#8221; button_two_border_width__hover_enabled=&#8221;off&#8221; button_border_color__hover_enabled=&#8221;off&#8221; button_one_border_color__hover_enabled=&#8221;off&#8221; button_two_border_color__hover_enabled=&#8221;off&#8221; button_border_radius__hover_enabled=&#8221;off&#8221; button_one_border_radius__hover_enabled=&#8221;off&#8221; button_two_border_radius__hover_enabled=&#8221;off&#8221; button_letter_spacing__hover_enabled=&#8221;off&#8221; button_one_letter_spacing__hover_enabled=&#8221;off&#8221; button_two_letter_spacing__hover_enabled=&#8221;off&#8221; button_bg_color__hover_enabled=&#8221;off&#8221; button_one_bg_color__hover_enabled=&#8221;off&#8221; button_two_bg_color__hover_enabled=&#8221;off&#8221;][\/et_pb_contact_field][\/et_pb_contact_form][\/et_pb_column][et_pb_column type=&#8221;2_5&#8243; module_class=&#8221;vertical-align-flex&#8221; _builder_version=&#8221;4.24.0&#8243; _module_preset=&#8221;default&#8221; global_colors_info=&#8221;{}&#8221;][et_pb_image src=&#8221;\/wp-content\/uploads\/2024\/05\/Kaisa-Makarainen-contact.png&#8221; title_text=&#8221;Kaisa-Makarainen-Media&#8221; align_tablet=&#8221;center&#8221; align_phone=&#8221;&#8221; align_last_edited=&#8221;on|tablet&#8221; _builder_version=&#8221;4.25.1&#8243; _module_preset=&#8221;default&#8221; width_tablet=&#8221;300px&#8221; width_phone=&#8221;300px&#8221; width_last_edited=&#8221;on|tablet&#8221; hover_enabled=&#8221;0&#8243; global_colors_info=&#8221;{}&#8221; sticky_enabled=&#8221;0&#8243;][\/et_pb_image][\/et_pb_column][\/et_pb_row][\/et_pb_section]<\/p>\n","protected":false},"excerpt":{"rendered":"<p>Request a quoteFeel free to get in touch if you are interested in a social media collaboration with me, a speaking or other performance gig, a coaching course or day, or you have something related to the media, e.g. interview request or other appearance. You can contact me directly through this form. I will answer [&hellip;]<\/p>\n","protected":false},"author":1,"featured_media":0,"parent":0,"menu_order":0,"comment_status":"closed","ping_status":"closed","template":"","meta":{"_et_pb_use_builder":"on","_et_pb_old_content":"","_et_gb_content_width":"","footnotes":""},"class_list":["post-478","page","type-page","status-publish","hentry"],"yoast_head":"<!-- This site is optimized with the Yoast SEO plugin v27.0 - https:\/\/yoast.com\/product\/yoast-seo-wordpress\/ -->\n<title>Request a quote - Kaisa Makarainen<\/title>\n<meta name=\"description\" content=\"Kaisa M\u00e4k\u00e4r\u00e4inen \u2013 Are you seeking a proposal for media industry work, coaching, advertising partnerships, or a speaking engagement? | Contact me\" \/>\n<meta name=\"robots\" content=\"index, follow, max-snippet:-1, max-image-preview:large, max-video-preview:-1\" \/>\n<link rel=\"canonical\" href=\"https:\/\/kaisamakarainen.fi\/en\/request-a-quote\/\" \/>\n<meta property=\"og:locale\" content=\"en_US\" \/>\n<meta property=\"og:type\" content=\"article\" \/>\n<meta property=\"og:title\" content=\"Request a quote - Kaisa Makarainen\" \/>\n<meta property=\"og:description\" content=\"Kaisa M\u00e4k\u00e4r\u00e4inen \u2013 Are you seeking a proposal for media industry work, coaching, advertising partnerships, or a speaking engagement? | Contact me\" \/>\n<meta property=\"og:url\" content=\"https:\/\/kaisamakarainen.fi\/en\/request-a-quote\/\" \/>\n<meta property=\"og:site_name\" content=\"Kaisa Makarainen\" \/>\n<meta property=\"article:modified_time\" content=\"2024-05-27T09:30:23+00:00\" \/>\n<meta name=\"twitter:card\" content=\"summary_large_image\" \/>\n<meta name=\"twitter:label1\" content=\"Est. reading time\" \/>\n\t<meta name=\"twitter:data1\" content=\"4 minutes\" \/>\n<script type=\"application\/ld+json\" class=\"yoast-schema-graph\">{\"@context\":\"https:\/\/schema.org\",\"@graph\":[{\"@type\":\"WebPage\",\"@id\":\"https:\/\/kaisamakarainen.fi\/en\/request-a-quote\/\",\"url\":\"https:\/\/kaisamakarainen.fi\/en\/request-a-quote\/\",\"name\":\"Request a quote - Kaisa Makarainen\",\"isPartOf\":{\"@id\":\"https:\/\/kaisamakarainen.fi\/en\/#website\"},\"datePublished\":\"2024-04-18T10:30:48+00:00\",\"dateModified\":\"2024-05-27T09:30:23+00:00\",\"description\":\"Kaisa M\u00e4k\u00e4r\u00e4inen \u2013 Are you seeking a proposal for media industry work, coaching, advertising partnerships, or a speaking engagement? | Contact me\",\"breadcrumb\":{\"@id\":\"https:\/\/kaisamakarainen.fi\/en\/request-a-quote\/#breadcrumb\"},\"inLanguage\":\"en-US\",\"potentialAction\":[{\"@type\":\"ReadAction\",\"target\":[\"https:\/\/kaisamakarainen.fi\/en\/request-a-quote\/\"]}]},{\"@type\":\"BreadcrumbList\",\"@id\":\"https:\/\/kaisamakarainen.fi\/en\/request-a-quote\/#breadcrumb\",\"itemListElement\":[{\"@type\":\"ListItem\",\"position\":1,\"name\":\"Home\",\"item\":\"https:\/\/kaisamakarainen.fi\/en\/\"},{\"@type\":\"ListItem\",\"position\":2,\"name\":\"Request a quote\"}]},{\"@type\":\"WebSite\",\"@id\":\"https:\/\/kaisamakarainen.fi\/en\/#website\",\"url\":\"https:\/\/kaisamakarainen.fi\/en\/\",\"name\":\"Kaisa Makarainen\",\"description\":\"Ole huomenna parempi kuin t\u00e4n\u00e4\u00e4n\",\"potentialAction\":[{\"@type\":\"SearchAction\",\"target\":{\"@type\":\"EntryPoint\",\"urlTemplate\":\"https:\/\/kaisamakarainen.fi\/en\/?s={search_term_string}\"},\"query-input\":{\"@type\":\"PropertyValueSpecification\",\"valueRequired\":true,\"valueName\":\"search_term_string\"}}],\"inLanguage\":\"en-US\"}]}<\/script>\n<!-- \/ Yoast SEO plugin. -->","yoast_head_json":{"title":"Request a quote - Kaisa Makarainen","description":"Kaisa M\u00e4k\u00e4r\u00e4inen \u2013 Are you seeking a proposal for media industry work, coaching, advertising partnerships, or a speaking engagement? | Contact me","robots":{"index":"index","follow":"follow","max-snippet":"max-snippet:-1","max-image-preview":"max-image-preview:large","max-video-preview":"max-video-preview:-1"},"canonical":"https:\/\/kaisamakarainen.fi\/en\/request-a-quote\/","og_locale":"en_US","og_type":"article","og_title":"Request a quote - Kaisa Makarainen","og_description":"Kaisa M\u00e4k\u00e4r\u00e4inen \u2013 Are you seeking a proposal for media industry work, coaching, advertising partnerships, or a speaking engagement? | Contact me","og_url":"https:\/\/kaisamakarainen.fi\/en\/request-a-quote\/","og_site_name":"Kaisa Makarainen","article_modified_time":"2024-05-27T09:30:23+00:00","twitter_card":"summary_large_image","twitter_misc":{"Est. reading time":"4 minutes"},"schema":{"@context":"https:\/\/schema.org","@graph":[{"@type":"WebPage","@id":"https:\/\/kaisamakarainen.fi\/en\/request-a-quote\/","url":"https:\/\/kaisamakarainen.fi\/en\/request-a-quote\/","name":"Request a quote - Kaisa Makarainen","isPartOf":{"@id":"https:\/\/kaisamakarainen.fi\/en\/#website"},"datePublished":"2024-04-18T10:30:48+00:00","dateModified":"2024-05-27T09:30:23+00:00","description":"Kaisa M\u00e4k\u00e4r\u00e4inen \u2013 Are you seeking a proposal for media industry work, coaching, advertising partnerships, or a speaking engagement? | Contact me","breadcrumb":{"@id":"https:\/\/kaisamakarainen.fi\/en\/request-a-quote\/#breadcrumb"},"inLanguage":"en-US","potentialAction":[{"@type":"ReadAction","target":["https:\/\/kaisamakarainen.fi\/en\/request-a-quote\/"]}]},{"@type":"BreadcrumbList","@id":"https:\/\/kaisamakarainen.fi\/en\/request-a-quote\/#breadcrumb","itemListElement":[{"@type":"ListItem","position":1,"name":"Home","item":"https:\/\/kaisamakarainen.fi\/en\/"},{"@type":"ListItem","position":2,"name":"Request a quote"}]},{"@type":"WebSite","@id":"https:\/\/kaisamakarainen.fi\/en\/#website","url":"https:\/\/kaisamakarainen.fi\/en\/","name":"Kaisa Makarainen","description":"Ole huomenna parempi kuin t\u00e4n\u00e4\u00e4n","potentialAction":[{"@type":"SearchAction","target":{"@type":"EntryPoint","urlTemplate":"https:\/\/kaisamakarainen.fi\/en\/?s={search_term_string}"},"query-input":{"@type":"PropertyValueSpecification","valueRequired":true,"valueName":"search_term_string"}}],"inLanguage":"en-US"}]}},"_links":{"self":[{"href":"https:\/\/kaisamakarainen.fi\/en\/wp-json\/wp\/v2\/pages\/478","targetHints":{"allow":["GET"]}}],"collection":[{"href":"https:\/\/kaisamakarainen.fi\/en\/wp-json\/wp\/v2\/pages"}],"about":[{"href":"https:\/\/kaisamakarainen.fi\/en\/wp-json\/wp\/v2\/types\/page"}],"author":[{"embeddable":true,"href":"https:\/\/kaisamakarainen.fi\/en\/wp-json\/wp\/v2\/users\/1"}],"replies":[{"embeddable":true,"href":"https:\/\/kaisamakarainen.fi\/en\/wp-json\/wp\/v2\/comments?post=478"}],"version-history":[{"count":5,"href":"https:\/\/kaisamakarainen.fi\/en\/wp-json\/wp\/v2\/pages\/478\/revisions"}],"predecessor-version":[{"id":980,"href":"https:\/\/kaisamakarainen.fi\/en\/wp-json\/wp\/v2\/pages\/478\/revisions\/980"}],"wp:attachment":[{"href":"https:\/\/kaisamakarainen.fi\/en\/wp-json\/wp\/v2\/media?parent=478"}],"curies":[{"name":"wp","href":"https:\/\/api.w.org\/{rel}","templated":true}]}}