{"id":475,"date":"2024-04-03T15:18:33","date_gmt":"2024-04-03T12:18:33","guid":{"rendered":"https:\/\/kaisamakarainen.fi\/media-work\/"},"modified":"2024-05-27T12:37:43","modified_gmt":"2024-05-27T09:37:43","slug":"media-work","status":"publish","type":"page","link":"https:\/\/kaisamakarainen.fi\/en\/media-work\/","title":{"rendered":"Media work"},"content":{"rendered":"<p>[et_pb_section fb_built=&#8221;1&#8243; module_class=&#8221;content&#8211;section no&#8211;padding&#8211;bottom&#8221; _builder_version=&#8221;4.24.0&#8243; _module_preset=&#8221;default&#8221; global_colors_info=&#8221;{}&#8221;][et_pb_row module_class=&#8221;content&#8211;row&#8221; _builder_version=&#8221;4.24.0&#8243; _module_preset=&#8221;default&#8221; global_colors_info=&#8221;{}&#8221;][et_pb_column type=&#8221;4_4&#8243; _builder_version=&#8221;4.24.0&#8243; _module_preset=&#8221;default&#8221; global_colors_info=&#8221;{}&#8221;][et_pb_text module_class=&#8221;sub&#8211;page&#8211;heading&#8221; _builder_version=&#8221;4.24.0&#8243; _module_preset=&#8221;default&#8221; global_colors_info=&#8221;{}&#8221;]<\/p>\n<h1>Media work<\/h1>\n<p>[\/et_pb_text][\/et_pb_column][\/et_pb_row][\/et_pb_section][et_pb_section fb_built=&#8221;1&#8243; _builder_version=&#8221;4.24.0&#8243; _module_preset=&#8221;default&#8221; global_colors_info=&#8221;{}&#8221;][et_pb_row make_equal=&#8221;on&#8221; _builder_version=&#8221;4.24.0&#8243; _module_preset=&#8221;default&#8221; global_colors_info=&#8221;{}&#8221;][et_pb_column type=&#8221;4_4&#8243; _builder_version=&#8221;4.24.0&#8243; _module_preset=&#8221;default&#8221; global_colors_info=&#8221;{}&#8221;][et_pb_text _builder_version=&#8221;4.24.0&#8243; _module_preset=&#8221;default&#8221; global_colors_info=&#8221;{}&#8221;]Following my career, I have taken a variety of roles within the media industry, primarily in television.<\/p>\n<ul>\n<li>I have written columns for the newspaper Karjalainen.<\/li>\n<li>I have interviewed the president at Joensuu market square<\/li>\n<li>I have made reports on live broadcast alone, as well as scripted and hosted various informative TV inserts about biathlon.<\/li>\n<\/ul>\n<p>Contact me if you have in mind any job in the media industry where my experience and skills would be useful. I am open to opportunities in hosting, conducting interviews, and making other public appearances.<\/p>\n<p><a href=\"https:\/\/kaisamakarainen.fi\/en\/request-a-quote\/\">Get in touch<\/a>[\/et_pb_text][\/et_pb_column][\/et_pb_row][\/et_pb_section][et_pb_section fb_built=&#8221;1&#8243; module_class=&#8221;content&#8211;section bg&#8211;quartiary&#8221; _builder_version=&#8221;4.24.0&#8243; _module_preset=&#8221;default&#8221; global_colors_info=&#8221;{}&#8221;][et_pb_row _builder_version=&#8221;4.25.1&#8243; _module_preset=&#8221;default&#8221; hover_enabled=&#8221;0&#8243; global_colors_info=&#8221;{}&#8221; module_class=&#8221;content&#8211;row width&#8211;800&#8243; sticky_enabled=&#8221;0&#8243;][et_pb_column type=&#8221;4_4&#8243; _builder_version=&#8221;4.24.0&#8243; _module_preset=&#8221;default&#8221; global_colors_info=&#8221;{}&#8221;][et_pb_text _builder_version=&#8221;4.25.1&#8243; _module_preset=&#8221;default&#8221; text_orientation=&#8221;center&#8221; global_colors_info=&#8221;{}&#8221;]<\/p>\n<h2>Productions I have been involved in<\/h2>\n<p>[\/et_pb_text][et_pb_divider color=&#8221;#e2bdb8&#8243; divider_weight=&#8221;2px&#8221; _builder_version=&#8221;4.24.0&#8243; _module_preset=&#8221;default&#8221; width=&#8221;100px&#8221; module_alignment=&#8221;center&#8221; global_colors_info=&#8221;{}&#8221;][\/et_pb_divider][\/et_pb_column][\/et_pb_row][et_pb_row column_structure=&#8221;2_5,3_5&#8243; make_equal=&#8221;on&#8221; module_class=&#8221;content&#8211;row&#8221; _builder_version=&#8221;4.24.0&#8243; _module_preset=&#8221;default&#8221; global_colors_info=&#8221;{}&#8221;][et_pb_column type=&#8221;2_5&#8243; module_class=&#8221;vertical-align-flex&#8221; _builder_version=&#8221;4.24.0&#8243; _module_preset=&#8221;default&#8221; global_colors_info=&#8221;{}&#8221;][et_pb_image src=&#8221;\/wp-content\/uploads\/2024\/04\/Kaisa-Makarainen-Media-yle.jpg&#8221; title_text=&#8221;Kaisa-Makarainen-Media&#8221; _builder_version=&#8221;4.24.0&#8243; _module_preset=&#8221;default&#8221; global_colors_info=&#8221;{}&#8221;][\/et_pb_image][\/et_pb_column][et_pb_column type=&#8221;3_5&#8243; module_class=&#8221;vertical-align-flex&#8221; _builder_version=&#8221;4.24.0&#8243; _module_preset=&#8221;default&#8221; global_colors_info=&#8221;{}&#8221;][et_pb_text admin_label=&#8221;YLE Urheilustudio&#8221; module_class=&#8221;media&#8211;text&#8221; _builder_version=&#8221;4.24.0&#8243; _module_preset=&#8221;default&#8221; global_colors_info=&#8221;{}&#8221;]<\/p>\n<h2>YLE Urheilustudio<\/h2>\n<p>I have worked in YLE&#8217;s Urheilustudio team right from the end of my career as a biathlon expert. Since the 22-23 season, I have also worked as a commentator on the World Cup broadcasts. In the sports studio, I have been able to do both live broadcasts of competition events on site and from the studio. Additionally, I have created a range of other TV segments and stories, including the &#8216;Jatkoer\u00e4&#8217; series with Petra Olli, where we undertook sports challenges and met with renowned retired Finnish athletes. Ylen pesti has offered me a very versatile job in the media industry. [\/et_pb_text][\/et_pb_column][\/et_pb_row][\/et_pb_section][et_pb_section fb_built=&#8221;1&#8243; module_class=&#8221;content&#8211;section&#8221; _builder_version=&#8221;4.24.0&#8243; _module_preset=&#8221;default&#8221; global_colors_info=&#8221;{}&#8221;][et_pb_row column_structure=&#8221;3_5,2_5&#8243; make_equal=&#8221;on&#8221; module_class=&#8221;content&#8211;row custom_row&#8221; _builder_version=&#8221;4.25.1&#8243; _module_preset=&#8221;default&#8221; global_colors_info=&#8221;{}&#8221;][et_pb_column type=&#8221;3_5&#8243; module_class=&#8221;vertical-align-flex second-on-mobile&#8221; _builder_version=&#8221;4.25.1&#8243; _module_preset=&#8221;default&#8221; global_colors_info=&#8221;{}&#8221;][et_pb_text admin_label=&#8221;Amazing Race Suomi&#8221; module_class=&#8221;media&#8211;text&#8221; _builder_version=&#8221;4.24.0&#8243; _module_preset=&#8221;default&#8221; global_colors_info=&#8221;{}&#8221;]<\/p>\n<h2>Amazing Race Finland<\/h2>\n<p>In 2023, I participated in Finland&#8217;s first Amazing Race season together with my friend and long-time teammate Mari Eder. To our surprise, we managed the tasks well and didn&#8217;t get lost too many times. We made it all the way to the finals and at the end we solved the last memory task the fastest and won the whole competition. A great experience and I also learned a lot about TV work and how programs are made.[\/et_pb_text][\/et_pb_column][et_pb_column type=&#8221;2_5&#8243; module_class=&#8221;vertical-align-flex first-on-mobile&#8221; _builder_version=&#8221;4.25.1&#8243; _module_preset=&#8221;default&#8221; global_colors_info=&#8221;{}&#8221;][et_pb_image src=&#8221;\/wp-content\/uploads\/2024\/04\/Kaisa-Makarainen-Media-amazing-race-suomi.jpg&#8221; title_text=&#8221;Kaisa-Makarainen-Media&#8221; _builder_version=&#8221;4.24.0&#8243; _module_preset=&#8221;default&#8221; global_colors_info=&#8221;{}&#8221;][\/et_pb_image][\/et_pb_column][\/et_pb_row][\/et_pb_section][et_pb_section fb_built=&#8221;1&#8243; module_class=&#8221;content&#8211;section bg&#8211;quartiary&#8221; _builder_version=&#8221;4.24.0&#8243; _module_preset=&#8221;default&#8221; global_colors_info=&#8221;{}&#8221;][et_pb_row column_structure=&#8221;2_5,3_5&#8243; make_equal=&#8221;on&#8221; module_class=&#8221;content&#8211;row&#8221; _builder_version=&#8221;4.24.0&#8243; _module_preset=&#8221;default&#8221; global_colors_info=&#8221;{}&#8221;][et_pb_column type=&#8221;2_5&#8243; module_class=&#8221;vertical-align-flex&#8221; _builder_version=&#8221;4.24.0&#8243; _module_preset=&#8221;default&#8221; global_colors_info=&#8221;{}&#8221;][et_pb_image src=&#8221;\/wp-content\/uploads\/2024\/04\/Kaisa-Makarainen-Media-arktinen-retkikunta.jpg&#8221; title_text=&#8221;Kaisa-Makarainen-Media&#8221; _builder_version=&#8221;4.24.0&#8243; _module_preset=&#8221;default&#8221; global_colors_info=&#8221;{}&#8221;][\/et_pb_image][\/et_pb_column][et_pb_column type=&#8221;3_5&#8243; module_class=&#8221;vertical-align-flex&#8221; _builder_version=&#8221;4.24.0&#8243; _module_preset=&#8221;default&#8221; global_colors_info=&#8221;{}&#8221;][et_pb_text admin_label=&#8221;Arktinen Retkikunta&#8221; module_class=&#8221;media&#8211;text&#8221; _builder_version=&#8221;4.24.0&#8243; _module_preset=&#8221;default&#8221; global_colors_info=&#8221;{}&#8221;]<\/p>\n<h2>Arktinen Retkikunta<\/h2>\n<p>In the spring of 2022, I was able to participate in a documentary program, which took me and the entire expedition to camp on the Greenland glacier for a week. I got to see the effects of climate change first hand and experience an unforgettable adventure with a great group. The program&#8217;s journey left a lasting impression. I hope the series inspires viewers to reflect on how their everyday decisions can positively impact our planet.[\/et_pb_text][\/et_pb_column][\/et_pb_row][\/et_pb_section][et_pb_section fb_built=&#8221;1&#8243; module_class=&#8221;content&#8211;section&#8221; _builder_version=&#8221;4.24.0&#8243; _module_preset=&#8221;default&#8221; global_colors_info=&#8221;{}&#8221;][et_pb_row column_structure=&#8221;3_5,2_5&#8243; make_equal=&#8221;on&#8221; module_class=&#8221;content&#8211;row custom_row&#8221; _builder_version=&#8221;4.25.1&#8243; _module_preset=&#8221;default&#8221; global_colors_info=&#8221;{}&#8221;][et_pb_column type=&#8221;3_5&#8243; module_class=&#8221;vertical-align-flex second-on-mobile&#8221; _builder_version=&#8221;4.25.1&#8243; _module_preset=&#8221;default&#8221; global_colors_info=&#8221;{}&#8221;][et_pb_text admin_label=&#8221;Mestareiden Mestari&#8221; module_class=&#8221;media&#8211;text&#8221; _builder_version=&#8221;4.24.0&#8243; _module_preset=&#8221;default&#8221; global_colors_info=&#8221;{}&#8221;]<\/p>\n<h2>Mestareiden Mestari<\/h2>\n<p>In the autumn of 2020, soon after concluding my sports career, I joined a program where top Finnish athletes, who had also retired, competed first in teams and then individually. I competed in the skiing team together with Aino-Kaisa Saarinen and Matti Heikkinen. This two-week experience alongside other retired athletes was truly enriching and meaningful, as it helped me explore the possibilities of life after a career. The competition was won by ex-ice hockey player Emma Terho.[\/et_pb_text][\/et_pb_column][et_pb_column type=&#8221;2_5&#8243; module_class=&#8221;vertical-align-flex first-on-mobile&#8221; _builder_version=&#8221;4.25.1&#8243; _module_preset=&#8221;default&#8221; global_colors_info=&#8221;{}&#8221;][et_pb_image src=&#8221;\/wp-content\/uploads\/2024\/04\/Kaisa-Makarainen-Media-mestareiden-mestari.jpg&#8221; title_text=&#8221;Kaisa-Makarainen-Media&#8221; _builder_version=&#8221;4.24.0&#8243; _module_preset=&#8221;default&#8221; global_colors_info=&#8221;{}&#8221;][\/et_pb_image][\/et_pb_column][\/et_pb_row][\/et_pb_section]<\/p>\n","protected":false},"excerpt":{"rendered":"<p>Media workFollowing my career, I have taken a variety of roles within the media industry, primarily in television. I have written columns for the newspaper Karjalainen. I have interviewed the president at Joensuu market square I have made reports on live broadcast alone, as well as scripted and hosted various informative TV inserts about biathlon. [&hellip;]<\/p>\n","protected":false},"author":1,"featured_media":0,"parent":0,"menu_order":0,"comment_status":"closed","ping_status":"closed","template":"","meta":{"_et_pb_use_builder":"on","_et_pb_old_content":"","_et_gb_content_width":"","footnotes":""},"class_list":["post-475","page","type-page","status-publish","hentry"],"yoast_head":"<!-- This site is optimized with the Yoast SEO plugin v27.0 - https:\/\/yoast.com\/product\/yoast-seo-wordpress\/ -->\n<title>Media work - Kaisa Makarainen<\/title>\n<meta name=\"description\" content=\"Kaisa M\u00e4k\u00e4r\u00e4inen \u2013 Experienced television presenter, presenter and media work professional | Contact me for more information\" \/>\n<meta name=\"robots\" content=\"index, follow, max-snippet:-1, max-image-preview:large, max-video-preview:-1\" \/>\n<link rel=\"canonical\" href=\"https:\/\/kaisamakarainen.fi\/en\/media-work\/\" \/>\n<meta property=\"og:locale\" content=\"en_US\" \/>\n<meta property=\"og:type\" content=\"article\" \/>\n<meta property=\"og:title\" content=\"Media work - Kaisa Makarainen\" \/>\n<meta property=\"og:description\" content=\"Kaisa M\u00e4k\u00e4r\u00e4inen \u2013 Experienced television presenter, presenter and media work professional | Contact me for more information\" \/>\n<meta property=\"og:url\" content=\"https:\/\/kaisamakarainen.fi\/en\/media-work\/\" \/>\n<meta property=\"og:site_name\" content=\"Kaisa Makarainen\" \/>\n<meta property=\"article:modified_time\" content=\"2024-05-27T09:37:43+00:00\" \/>\n<meta name=\"twitter:card\" content=\"summary_large_image\" \/>\n<meta name=\"twitter:label1\" content=\"Est. reading time\" \/>\n\t<meta name=\"twitter:data1\" content=\"6 minutes\" \/>\n<script type=\"application\/ld+json\" class=\"yoast-schema-graph\">{\"@context\":\"https:\/\/schema.org\",\"@graph\":[{\"@type\":\"WebPage\",\"@id\":\"https:\/\/kaisamakarainen.fi\/en\/media-work\/\",\"url\":\"https:\/\/kaisamakarainen.fi\/en\/media-work\/\",\"name\":\"Media work - Kaisa Makarainen\",\"isPartOf\":{\"@id\":\"https:\/\/kaisamakarainen.fi\/en\/#website\"},\"datePublished\":\"2024-04-03T12:18:33+00:00\",\"dateModified\":\"2024-05-27T09:37:43+00:00\",\"description\":\"Kaisa M\u00e4k\u00e4r\u00e4inen \u2013 Experienced television presenter, presenter and media work professional | Contact me for more information\",\"breadcrumb\":{\"@id\":\"https:\/\/kaisamakarainen.fi\/en\/media-work\/#breadcrumb\"},\"inLanguage\":\"en-US\",\"potentialAction\":[{\"@type\":\"ReadAction\",\"target\":[\"https:\/\/kaisamakarainen.fi\/en\/media-work\/\"]}]},{\"@type\":\"BreadcrumbList\",\"@id\":\"https:\/\/kaisamakarainen.fi\/en\/media-work\/#breadcrumb\",\"itemListElement\":[{\"@type\":\"ListItem\",\"position\":1,\"name\":\"Home\",\"item\":\"https:\/\/kaisamakarainen.fi\/en\/\"},{\"@type\":\"ListItem\",\"position\":2,\"name\":\"Media work\"}]},{\"@type\":\"WebSite\",\"@id\":\"https:\/\/kaisamakarainen.fi\/en\/#website\",\"url\":\"https:\/\/kaisamakarainen.fi\/en\/\",\"name\":\"Kaisa Makarainen\",\"description\":\"Ole huomenna parempi kuin t\u00e4n\u00e4\u00e4n\",\"potentialAction\":[{\"@type\":\"SearchAction\",\"target\":{\"@type\":\"EntryPoint\",\"urlTemplate\":\"https:\/\/kaisamakarainen.fi\/en\/?s={search_term_string}\"},\"query-input\":{\"@type\":\"PropertyValueSpecification\",\"valueRequired\":true,\"valueName\":\"search_term_string\"}}],\"inLanguage\":\"en-US\"}]}<\/script>\n<!-- \/ Yoast SEO plugin. -->","yoast_head_json":{"title":"Media work - Kaisa Makarainen","description":"Kaisa M\u00e4k\u00e4r\u00e4inen \u2013 Experienced television presenter, presenter and media work professional | Contact me for more information","robots":{"index":"index","follow":"follow","max-snippet":"max-snippet:-1","max-image-preview":"max-image-preview:large","max-video-preview":"max-video-preview:-1"},"canonical":"https:\/\/kaisamakarainen.fi\/en\/media-work\/","og_locale":"en_US","og_type":"article","og_title":"Media work - Kaisa Makarainen","og_description":"Kaisa M\u00e4k\u00e4r\u00e4inen \u2013 Experienced television presenter, presenter and media work professional | Contact me for more information","og_url":"https:\/\/kaisamakarainen.fi\/en\/media-work\/","og_site_name":"Kaisa Makarainen","article_modified_time":"2024-05-27T09:37:43+00:00","twitter_card":"summary_large_image","twitter_misc":{"Est. reading time":"6 minutes"},"schema":{"@context":"https:\/\/schema.org","@graph":[{"@type":"WebPage","@id":"https:\/\/kaisamakarainen.fi\/en\/media-work\/","url":"https:\/\/kaisamakarainen.fi\/en\/media-work\/","name":"Media work - Kaisa Makarainen","isPartOf":{"@id":"https:\/\/kaisamakarainen.fi\/en\/#website"},"datePublished":"2024-04-03T12:18:33+00:00","dateModified":"2024-05-27T09:37:43+00:00","description":"Kaisa M\u00e4k\u00e4r\u00e4inen \u2013 Experienced television presenter, presenter and media work professional | Contact me for more information","breadcrumb":{"@id":"https:\/\/kaisamakarainen.fi\/en\/media-work\/#breadcrumb"},"inLanguage":"en-US","potentialAction":[{"@type":"ReadAction","target":["https:\/\/kaisamakarainen.fi\/en\/media-work\/"]}]},{"@type":"BreadcrumbList","@id":"https:\/\/kaisamakarainen.fi\/en\/media-work\/#breadcrumb","itemListElement":[{"@type":"ListItem","position":1,"name":"Home","item":"https:\/\/kaisamakarainen.fi\/en\/"},{"@type":"ListItem","position":2,"name":"Media work"}]},{"@type":"WebSite","@id":"https:\/\/kaisamakarainen.fi\/en\/#website","url":"https:\/\/kaisamakarainen.fi\/en\/","name":"Kaisa Makarainen","description":"Ole huomenna parempi kuin t\u00e4n\u00e4\u00e4n","potentialAction":[{"@type":"SearchAction","target":{"@type":"EntryPoint","urlTemplate":"https:\/\/kaisamakarainen.fi\/en\/?s={search_term_string}"},"query-input":{"@type":"PropertyValueSpecification","valueRequired":true,"valueName":"search_term_string"}}],"inLanguage":"en-US"}]}},"_links":{"self":[{"href":"https:\/\/kaisamakarainen.fi\/en\/wp-json\/wp\/v2\/pages\/475","targetHints":{"allow":["GET"]}}],"collection":[{"href":"https:\/\/kaisamakarainen.fi\/en\/wp-json\/wp\/v2\/pages"}],"about":[{"href":"https:\/\/kaisamakarainen.fi\/en\/wp-json\/wp\/v2\/types\/page"}],"author":[{"embeddable":true,"href":"https:\/\/kaisamakarainen.fi\/en\/wp-json\/wp\/v2\/users\/1"}],"replies":[{"embeddable":true,"href":"https:\/\/kaisamakarainen.fi\/en\/wp-json\/wp\/v2\/comments?post=475"}],"version-history":[{"count":5,"href":"https:\/\/kaisamakarainen.fi\/en\/wp-json\/wp\/v2\/pages\/475\/revisions"}],"predecessor-version":[{"id":992,"href":"https:\/\/kaisamakarainen.fi\/en\/wp-json\/wp\/v2\/pages\/475\/revisions\/992"}],"wp:attachment":[{"href":"https:\/\/kaisamakarainen.fi\/en\/wp-json\/wp\/v2\/media?parent=475"}],"curies":[{"name":"wp","href":"https:\/\/api.w.org\/{rel}","templated":true}]}}