{"id":472,"date":"2024-04-15T14:01:21","date_gmt":"2024-04-15T11:01:21","guid":{"rendered":"https:\/\/kaisamakarainen.fi\/advertising-collaborations\/"},"modified":"2024-05-24T10:41:26","modified_gmt":"2024-05-24T07:41:26","slug":"advertising-collaborations","status":"publish","type":"page","link":"https:\/\/kaisamakarainen.fi\/en\/advertising-collaborations\/","title":{"rendered":"Advertising collaborations"},"content":{"rendered":"<p>[et_pb_section fb_built=&#8221;1&#8243; module_class=&#8221;content&#8211;section no&#8211;padding&#8211;bottom&#8221; _builder_version=&#8221;4.24.0&#8243; _module_preset=&#8221;default&#8221; global_colors_info=&#8221;{}&#8221;][et_pb_row module_class=&#8221;content&#8211;row&#8221; _builder_version=&#8221;4.24.0&#8243; _module_preset=&#8221;default&#8221; global_colors_info=&#8221;{}&#8221;][et_pb_column type=&#8221;4_4&#8243; _builder_version=&#8221;4.24.0&#8243; _module_preset=&#8221;default&#8221; global_colors_info=&#8221;{}&#8221;][et_pb_text module_class=&#8221;sub&#8211;page&#8211;heading&#8221; _builder_version=&#8221;4.24.0&#8243; _module_preset=&#8221;default&#8221; global_colors_info=&#8221;{}&#8221;]<\/p>\n<h1>Advertising collaborations<\/h1>\n<p>[\/et_pb_text][\/et_pb_column][\/et_pb_row][\/et_pb_section][et_pb_section fb_built=&#8221;1&#8243; module_class=&#8221;content&#8211;section &#8221; _builder_version=&#8221;4.24.0&#8243; _module_preset=&#8221;default&#8221; global_colors_info=&#8221;{}&#8221;][et_pb_row make_equal=&#8221;on&#8221; module_class=&#8221;content&#8211;row&#8221; _builder_version=&#8221;4.24.0&#8243; _module_preset=&#8221;default&#8221; global_colors_info=&#8221;{}&#8221;][et_pb_column type=&#8221;4_4&#8243; module_class=&#8221;vertical-align-flex&#8221; _builder_version=&#8221;4.24.0&#8243; _module_preset=&#8221;default&#8221; global_colors_info=&#8221;{}&#8221;][et_pb_text _builder_version=&#8221;4.24.0&#8243; _module_preset=&#8221;default&#8221; global_colors_info=&#8221;{}&#8221;]I have 193 thousand followers on Instagram, about half of whom are Finnish and the rest mainly from Europe. I&#8217;m happy to do commercial collaborations, both on Facebook and elsewhere, if they match my values \u200b\u200band we find a common understanding of how we could get our message heard and seen together. About my life: sports, my work, my free time hobbies. I like to talk about domestic and local products and services. I consider my partner carefully.<\/p>\n<p>If you are interested in collaborating with me and communicating to my target audience, feel free to contact me or request an offer.<\/p>\n<p><a href=\"https:\/\/kaisamakarainen.fi\/en\/request-a-quote\/\">Get in touch!<\/a>[\/et_pb_text][\/et_pb_column][\/et_pb_row][\/et_pb_section][et_pb_section fb_built=&#8221;1&#8243; module_class=&#8221;content&#8211;section bg&#8211;quartiary&#8221; _builder_version=&#8221;4.24.0&#8243; _module_preset=&#8221;default&#8221; global_colors_info=&#8221;{}&#8221;][et_pb_row _builder_version=&#8221;4.24.0&#8243; _module_preset=&#8221;default&#8221; global_colors_info=&#8221;{}&#8221;][et_pb_column type=&#8221;4_4&#8243; _builder_version=&#8221;4.24.0&#8243; _module_preset=&#8221;default&#8221; global_colors_info=&#8221;{}&#8221;][et_pb_text _builder_version=&#8221;4.24.0&#8243; _module_preset=&#8221;default&#8221; text_orientation=&#8221;center&#8221; global_colors_info=&#8221;{}&#8221;]<\/p>\n<h2>References of successful social media collaborations<\/h2>\n<p>[\/et_pb_text][et_pb_divider color=&#8221;#e2bdb8&#8243; divider_weight=&#8221;2px&#8221; _builder_version=&#8221;4.24.0&#8243; _module_preset=&#8221;default&#8221; width=&#8221;100px&#8221; module_alignment=&#8221;center&#8221; global_colors_info=&#8221;{}&#8221;][\/et_pb_divider][\/et_pb_column][\/et_pb_row][et_pb_row column_structure=&#8221;3_5,2_5&#8243; make_equal=&#8221;on&#8221; module_class=&#8221;content&#8211;row&#8221; _builder_version=&#8221;4.24.0&#8243; _module_preset=&#8221;default&#8221; global_colors_info=&#8221;{}&#8221;][et_pb_column type=&#8221;3_5&#8243; module_class=&#8221;vertical-align-flex&#8221; _builder_version=&#8221;4.24.0&#8243; _module_preset=&#8221;default&#8221; global_colors_info=&#8221;{}&#8221;][et_pb_text admin_label=&#8221;Novita&#8221; module_class=&#8221;media&#8211;text&#8221; _builder_version=&#8221;4.24.0&#8243; _module_preset=&#8221;default&#8221; global_colors_info=&#8221;{}&#8221;]<img loading=\"lazy\" decoding=\"async\" src=\"\/wp-content\/uploads\/2024\/04\/Novita-logo-lrg.png\" width=\"300\" height=\"100\" alt=\"Novita-logo\" class=\"wp-image-301 alignnone size-medium\"><\/p>\n<p>Together with Novita&#8217;s knitwear designer, I designed a &#8220;Free&#8221; sweater, the pattern of which was published as part of Novita&#8217;s After Ski collection in winter 2024, which I was photographed wearing in Nuuksio. This was a really pleasant and versatile collaboration, because I enjoy knitting and handicrafts. [\/et_pb_text][\/et_pb_column][et_pb_column type=&#8221;2_5&#8243; module_class=&#8221;vertical-align-flex&#8221; _builder_version=&#8221;4.24.0&#8243; _module_preset=&#8221;default&#8221; global_colors_info=&#8221;{}&#8221;][et_pb_image src=&#8221;\/wp-content\/uploads\/2024\/04\/Kaisa-Makarainen-Novita-2.jpg&#8221; title_text=&#8221;Kaisa-Makarainen-Novita&#8221; _builder_version=&#8221;4.24.0&#8243; _module_preset=&#8221;default&#8221; global_colors_info=&#8221;{}&#8221;][\/et_pb_image][\/et_pb_column][\/et_pb_row][\/et_pb_section][et_pb_section fb_built=&#8221;1&#8243; module_class=&#8221;content&#8211;section&#8221; _builder_version=&#8221;4.24.0&#8243; _module_preset=&#8221;default&#8221; global_colors_info=&#8221;{}&#8221;][et_pb_row column_structure=&#8221;2_5,3_5&#8243; make_equal=&#8221;on&#8221; module_class=&#8221;content&#8211;row custom_row&#8221; _builder_version=&#8221;4.25.1&#8243; _module_preset=&#8221;default&#8221; hover_enabled=&#8221;0&#8243; global_colors_info=&#8221;{}&#8221; sticky_enabled=&#8221;0&#8243;][et_pb_column type=&#8221;2_5&#8243; module_class=&#8221;vertical-align-flex second-on-mobile&#8221; _builder_version=&#8221;4.25.1&#8243; _module_preset=&#8221;default&#8221; hover_enabled=&#8221;0&#8243; global_colors_info=&#8221;{}&#8221; sticky_enabled=&#8221;0&#8243;][et_pb_image src=&#8221;\/wp-content\/uploads\/2024\/04\/Kaisa-Makarainen-Koli-2.jpg&#8221; title_text=&#8221;Kaisa-Makarainen-Koli&#8221; _builder_version=&#8221;4.24.0&#8243; _module_preset=&#8221;default&#8221; global_colors_info=&#8221;{}&#8221;][\/et_pb_image][\/et_pb_column][et_pb_column type=&#8221;3_5&#8243; module_class=&#8221;vertical-align-flex first-on-mobile&#8221; _builder_version=&#8221;4.25.1&#8243; _module_preset=&#8221;default&#8221; hover_enabled=&#8221;0&#8243; global_colors_info=&#8221;{}&#8221; sticky_enabled=&#8221;0&#8243;][et_pb_text admin_label=&#8221;Koli&#8221; module_class=&#8221;media&#8211;text&#8221; _builder_version=&#8221;4.24.0&#8243; _module_preset=&#8221;default&#8221; global_colors_info=&#8221;{}&#8221;]<img loading=\"lazy\" decoding=\"async\" src=\"\/wp-content\/uploads\/2024\/04\/Koli-logo-300x100.png\" width=\"300\" height=\"100\" alt=\"Koli-logo\" class=\"wp-image-300 alignnone size-medium\" srcset=\"https:\/\/kaisamakarainen.fi\/wp-content\/uploads\/2024\/04\/Koli-logo-300x100.png 300w, https:\/\/kaisamakarainen.fi\/wp-content\/uploads\/2024\/04\/Koli-logo.png 450w\" sizes=\"(max-width: 300px) 100vw, 300px\" \/><\/p>\n<p>I have actively participated in the diverse marketing efforts for Koli Matkailu. As an athlete, I trained a lot in Koli, and it is the most important and dearest of the national parks to me, so it has been nice to be able to tell more about it to my followers. One of the marketing targets has also been sports clubs, which we hope to get more people to camp there.[\/et_pb_text][\/et_pb_column][\/et_pb_row][\/et_pb_section][et_pb_section fb_built=&#8221;1&#8243; module_class=&#8221;content&#8211;section bg&#8211;quartiary&#8221; _builder_version=&#8221;4.24.0&#8243; _module_preset=&#8221;default&#8221; global_colors_info=&#8221;{}&#8221;][et_pb_row column_structure=&#8221;3_5,2_5&#8243; make_equal=&#8221;on&#8221; module_class=&#8221;content&#8211;row&#8221; _builder_version=&#8221;4.24.0&#8243; _module_preset=&#8221;default&#8221; global_colors_info=&#8221;{}&#8221;][et_pb_column type=&#8221;3_5&#8243; module_class=&#8221;vertical-align-flex&#8221; _builder_version=&#8221;4.24.0&#8243; _module_preset=&#8221;default&#8221; global_colors_info=&#8221;{}&#8221;][et_pb_text admin_label=&#8221;Sanasol&#8221; module_class=&#8221;media&#8211;text&#8221; _builder_version=&#8221;4.24.0&#8243; _module_preset=&#8221;default&#8221; global_colors_info=&#8221;{}&#8221;]<img loading=\"lazy\" decoding=\"async\" src=\"\/wp-content\/uploads\/2024\/04\/Sanasol-logo-300x100.png\" width=\"300\" height=\"100\" alt=\"Sana-sol-logo\" class=\"wp-image-299 alignnone size-medium\" srcset=\"https:\/\/kaisamakarainen.fi\/wp-content\/uploads\/2024\/04\/Sanasol-logo-300x100.png 300w, https:\/\/kaisamakarainen.fi\/wp-content\/uploads\/2024\/04\/Sanasol-logo.png 450w\" sizes=\"(max-width: 300px) 100vw, 300px\" \/><\/p>\n<p>In my sports career, it was important for me to only use supplements that I knew were pure and that I could really trust. That&#8217;s why I preferably chose domestic products from large companies, such as Sanasol. Now, after my career, I have been able to continue cooperation with Orkla, whose group Sanasol belongs to. I have used their products extensively and can wholeheartedly recommend them.[\/et_pb_text][\/et_pb_column][et_pb_column type=&#8221;2_5&#8243; module_class=&#8221;vertical-align-flex&#8221; _builder_version=&#8221;4.24.0&#8243; _module_preset=&#8221;default&#8221; global_colors_info=&#8221;{}&#8221;][et_pb_image src=&#8221;\/wp-content\/uploads\/2024\/04\/Kaisa-Makarainen-Sanasol-3.jpg&#8221; title_text=&#8221;Kaisa-Makarainen-Sanasol&#8221; _builder_version=&#8221;4.24.0&#8243; _module_preset=&#8221;default&#8221; global_colors_info=&#8221;{}&#8221;][\/et_pb_image][\/et_pb_column][\/et_pb_row][\/et_pb_section]<\/p>\n","protected":false},"excerpt":{"rendered":"<p>Advertising collaborationsI have 193 thousand followers on Instagram, about half of whom are Finnish and the rest mainly from Europe. I&#8217;m happy to do commercial collaborations, both on Facebook and elsewhere, if they match my values \u200b\u200band we find a common understanding of how we could get our message heard and seen together. About my [&hellip;]<\/p>\n","protected":false},"author":1,"featured_media":0,"parent":0,"menu_order":0,"comment_status":"closed","ping_status":"closed","template":"","meta":{"_et_pb_use_builder":"on","_et_pb_old_content":"","_et_gb_content_width":"","footnotes":""},"class_list":["post-472","page","type-page","status-publish","hentry"],"yoast_head":"<!-- This site is optimized with the Yoast SEO plugin v27.0 - https:\/\/yoast.com\/product\/yoast-seo-wordpress\/ -->\n<title>Advertising collaborations - Kaisa Makarainen<\/title>\n<meta name=\"description\" content=\"Kaisa M\u00e4k\u00e4r\u00e4inen \u2013 Experienced social media professional and partner | Do you want to become a partner?\" \/>\n<meta name=\"robots\" content=\"index, follow, max-snippet:-1, max-image-preview:large, max-video-preview:-1\" \/>\n<link rel=\"canonical\" href=\"https:\/\/kaisamakarainen.fi\/en\/advertising-collaborations\/\" \/>\n<meta property=\"og:locale\" content=\"en_US\" \/>\n<meta property=\"og:type\" content=\"article\" \/>\n<meta property=\"og:title\" content=\"Advertising collaborations - Kaisa Makarainen\" \/>\n<meta property=\"og:description\" content=\"Kaisa M\u00e4k\u00e4r\u00e4inen \u2013 Experienced social media professional and partner | Do you want to become a partner?\" \/>\n<meta property=\"og:url\" content=\"https:\/\/kaisamakarainen.fi\/en\/advertising-collaborations\/\" \/>\n<meta property=\"og:site_name\" content=\"Kaisa Makarainen\" \/>\n<meta property=\"article:modified_time\" content=\"2024-05-24T07:41:26+00:00\" \/>\n<meta name=\"twitter:card\" content=\"summary_large_image\" \/>\n<meta name=\"twitter:label1\" content=\"Est. reading time\" \/>\n\t<meta name=\"twitter:data1\" content=\"4 minutes\" \/>\n<script type=\"application\/ld+json\" class=\"yoast-schema-graph\">{\"@context\":\"https:\/\/schema.org\",\"@graph\":[{\"@type\":\"WebPage\",\"@id\":\"https:\/\/kaisamakarainen.fi\/en\/advertising-collaborations\/\",\"url\":\"https:\/\/kaisamakarainen.fi\/en\/advertising-collaborations\/\",\"name\":\"Advertising collaborations - Kaisa Makarainen\",\"isPartOf\":{\"@id\":\"https:\/\/kaisamakarainen.fi\/en\/#website\"},\"datePublished\":\"2024-04-15T11:01:21+00:00\",\"dateModified\":\"2024-05-24T07:41:26+00:00\",\"description\":\"Kaisa M\u00e4k\u00e4r\u00e4inen \u2013 Experienced social media professional and partner | Do you want to become a partner?\",\"breadcrumb\":{\"@id\":\"https:\/\/kaisamakarainen.fi\/en\/advertising-collaborations\/#breadcrumb\"},\"inLanguage\":\"en-US\",\"potentialAction\":[{\"@type\":\"ReadAction\",\"target\":[\"https:\/\/kaisamakarainen.fi\/en\/advertising-collaborations\/\"]}]},{\"@type\":\"BreadcrumbList\",\"@id\":\"https:\/\/kaisamakarainen.fi\/en\/advertising-collaborations\/#breadcrumb\",\"itemListElement\":[{\"@type\":\"ListItem\",\"position\":1,\"name\":\"Home\",\"item\":\"https:\/\/kaisamakarainen.fi\/en\/\"},{\"@type\":\"ListItem\",\"position\":2,\"name\":\"Advertising collaborations\"}]},{\"@type\":\"WebSite\",\"@id\":\"https:\/\/kaisamakarainen.fi\/en\/#website\",\"url\":\"https:\/\/kaisamakarainen.fi\/en\/\",\"name\":\"Kaisa Makarainen\",\"description\":\"Ole huomenna parempi kuin t\u00e4n\u00e4\u00e4n\",\"potentialAction\":[{\"@type\":\"SearchAction\",\"target\":{\"@type\":\"EntryPoint\",\"urlTemplate\":\"https:\/\/kaisamakarainen.fi\/en\/?s={search_term_string}\"},\"query-input\":{\"@type\":\"PropertyValueSpecification\",\"valueRequired\":true,\"valueName\":\"search_term_string\"}}],\"inLanguage\":\"en-US\"}]}<\/script>\n<!-- \/ Yoast SEO plugin. -->","yoast_head_json":{"title":"Advertising collaborations - Kaisa Makarainen","description":"Kaisa M\u00e4k\u00e4r\u00e4inen \u2013 Experienced social media professional and partner | Do you want to become a partner?","robots":{"index":"index","follow":"follow","max-snippet":"max-snippet:-1","max-image-preview":"max-image-preview:large","max-video-preview":"max-video-preview:-1"},"canonical":"https:\/\/kaisamakarainen.fi\/en\/advertising-collaborations\/","og_locale":"en_US","og_type":"article","og_title":"Advertising collaborations - Kaisa Makarainen","og_description":"Kaisa M\u00e4k\u00e4r\u00e4inen \u2013 Experienced social media professional and partner | Do you want to become a partner?","og_url":"https:\/\/kaisamakarainen.fi\/en\/advertising-collaborations\/","og_site_name":"Kaisa Makarainen","article_modified_time":"2024-05-24T07:41:26+00:00","twitter_card":"summary_large_image","twitter_misc":{"Est. reading time":"4 minutes"},"schema":{"@context":"https:\/\/schema.org","@graph":[{"@type":"WebPage","@id":"https:\/\/kaisamakarainen.fi\/en\/advertising-collaborations\/","url":"https:\/\/kaisamakarainen.fi\/en\/advertising-collaborations\/","name":"Advertising collaborations - Kaisa Makarainen","isPartOf":{"@id":"https:\/\/kaisamakarainen.fi\/en\/#website"},"datePublished":"2024-04-15T11:01:21+00:00","dateModified":"2024-05-24T07:41:26+00:00","description":"Kaisa M\u00e4k\u00e4r\u00e4inen \u2013 Experienced social media professional and partner | Do you want to become a partner?","breadcrumb":{"@id":"https:\/\/kaisamakarainen.fi\/en\/advertising-collaborations\/#breadcrumb"},"inLanguage":"en-US","potentialAction":[{"@type":"ReadAction","target":["https:\/\/kaisamakarainen.fi\/en\/advertising-collaborations\/"]}]},{"@type":"BreadcrumbList","@id":"https:\/\/kaisamakarainen.fi\/en\/advertising-collaborations\/#breadcrumb","itemListElement":[{"@type":"ListItem","position":1,"name":"Home","item":"https:\/\/kaisamakarainen.fi\/en\/"},{"@type":"ListItem","position":2,"name":"Advertising collaborations"}]},{"@type":"WebSite","@id":"https:\/\/kaisamakarainen.fi\/en\/#website","url":"https:\/\/kaisamakarainen.fi\/en\/","name":"Kaisa Makarainen","description":"Ole huomenna parempi kuin t\u00e4n\u00e4\u00e4n","potentialAction":[{"@type":"SearchAction","target":{"@type":"EntryPoint","urlTemplate":"https:\/\/kaisamakarainen.fi\/en\/?s={search_term_string}"},"query-input":{"@type":"PropertyValueSpecification","valueRequired":true,"valueName":"search_term_string"}}],"inLanguage":"en-US"}]}},"_links":{"self":[{"href":"https:\/\/kaisamakarainen.fi\/en\/wp-json\/wp\/v2\/pages\/472","targetHints":{"allow":["GET"]}}],"collection":[{"href":"https:\/\/kaisamakarainen.fi\/en\/wp-json\/wp\/v2\/pages"}],"about":[{"href":"https:\/\/kaisamakarainen.fi\/en\/wp-json\/wp\/v2\/types\/page"}],"author":[{"embeddable":true,"href":"https:\/\/kaisamakarainen.fi\/en\/wp-json\/wp\/v2\/users\/1"}],"replies":[{"embeddable":true,"href":"https:\/\/kaisamakarainen.fi\/en\/wp-json\/wp\/v2\/comments?post=472"}],"version-history":[{"count":5,"href":"https:\/\/kaisamakarainen.fi\/en\/wp-json\/wp\/v2\/pages\/472\/revisions"}],"predecessor-version":[{"id":867,"href":"https:\/\/kaisamakarainen.fi\/en\/wp-json\/wp\/v2\/pages\/472\/revisions\/867"}],"wp:attachment":[{"href":"https:\/\/kaisamakarainen.fi\/en\/wp-json\/wp\/v2\/media?parent=472"}],"curies":[{"name":"wp","href":"https:\/\/api.w.org\/{rel}","templated":true}]}}