{"id":469,"date":"2024-04-18T13:23:35","date_gmt":"2024-04-18T10:23:35","guid":{"rendered":"https:\/\/kaisamakarainen.fi\/keynote-speaker\/"},"modified":"2024-05-27T12:18:13","modified_gmt":"2024-05-27T09:18:13","slug":"keynote-speaker","status":"publish","type":"page","link":"https:\/\/kaisamakarainen.fi\/en\/keynote-speaker\/","title":{"rendered":"Keynote speaker"},"content":{"rendered":"<p>[et_pb_section fb_built=&#8221;1&#8243; module_class=&#8221;content&#8211;section no&#8211;padding&#8211;bottom&#8221; _builder_version=&#8221;4.24.0&#8243; _module_preset=&#8221;default&#8221; global_colors_info=&#8221;{}&#8221;][et_pb_row module_class=&#8221;content&#8211;row&#8221; _builder_version=&#8221;4.24.0&#8243; _module_preset=&#8221;default&#8221; global_colors_info=&#8221;{}&#8221;][et_pb_column type=&#8221;4_4&#8243; _builder_version=&#8221;4.24.0&#8243; _module_preset=&#8221;default&#8221; global_colors_info=&#8221;{}&#8221;][et_pb_text module_class=&#8221;sub&#8211;page&#8211;heading&#8221; _builder_version=&#8221;4.24.0&#8243; _module_preset=&#8221;default&#8221; global_colors_info=&#8221;{}&#8221;]<\/p>\n<h1>Keynote speaker<\/h1>\n<p>[\/et_pb_text][\/et_pb_column][\/et_pb_row][\/et_pb_section][et_pb_section fb_built=&#8221;1&#8243; use_custom_gutter=&#8221;on&#8221; specialty=&#8221;on&#8221; module_class_1=&#8221;vertical-align-flex ptpb&#8211;0&#8243; module_class_2=&#8221;vertical-align-flex&#8221; _builder_version=&#8221;4.24.0&#8243; _module_preset=&#8221;default&#8221; global_colors_info=&#8221;{}&#8221;][et_pb_column type=&#8221;1_2&#8243; _builder_version=&#8221;4.16&#8243; custom_padding=&#8221;|||&#8221; global_colors_info=&#8221;{}&#8221; custom_padding__hover=&#8221;|||&#8221;][et_pb_image src=&#8221;\/wp-content\/uploads\/2024\/05\/Kaisa-Makarainen-keynote-puhuja-1.jpg&#8221; _builder_version=&#8221;4.24.0&#8243; _module_preset=&#8221;default&#8221; global_colors_info=&#8221;{}&#8221;][\/et_pb_image][\/et_pb_column][et_pb_column type=&#8221;1_2&#8243; specialty_columns=&#8221;2&#8243; _builder_version=&#8221;4.16&#8243; custom_padding=&#8221;|||&#8221; global_colors_info=&#8221;{}&#8221; custom_padding__hover=&#8221;|||&#8221;][et_pb_row_inner _builder_version=&#8221;4.24.0&#8243; _module_preset=&#8221;default&#8221; global_colors_info=&#8221;{}&#8221;][et_pb_column_inner saved_specialty_column_type=&#8221;1_2&#8243; _builder_version=&#8221;4.24.0&#8243; _module_preset=&#8221;default&#8221; global_colors_info=&#8221;{}&#8221;][et_pb_text _builder_version=&#8221;4.25.1&#8243; _module_preset=&#8221;default&#8221; hover_enabled=&#8221;0&#8243; global_colors_info=&#8221;{}&#8221; sticky_enabled=&#8221;0&#8243;]Are you looking for a speaker for your event who can talk about what connects elite sports and achieving results in the business world?<\/p>\n<p>In sports, in addition to being in good shape, you need a lot of mental strength such as motivation, concentration, unyieldingness, a winning attitude and passion.<\/p>\n<p>Through true stories from my career, I talk about, for example, these topics:<\/p>\n<ul>\n<li>How is success maintained year after year?<\/li>\n<li>The importance of the team behind the success of the individual<\/li>\n<li>How to recover from failures?<\/li>\n<\/ul>\n<p>Or Are you organizing an exercise-related event and would you like me to be a speaker on training and maintaining an active lifestyle with the lessons I learned from elite sports?<\/p>\n<p>I have also given presentations in English. <a href=\"https:\/\/kaisamakarainen.fi\/en\/request-a-quote\/\">Contact me<\/a> and tell us about the event and the target group, and we will tailor a speech frame that is just right for you.[\/et_pb_text][et_pb_button button_url=&#8221;https:\/\/kaisamakarainen.fi\/en\/request-a-quote\/&#8221; button_text=&#8221;Ask for an offer according to your needs&#8221; module_class=&#8221;no&#8211;caps&#8221; _builder_version=&#8221;4.24.0&#8243; _module_preset=&#8221;default&#8221; global_colors_info=&#8221;{}&#8221;][\/et_pb_button][\/et_pb_column_inner][\/et_pb_row_inner][\/et_pb_column][\/et_pb_section]<\/p>\n","protected":false},"excerpt":{"rendered":"<p>Keynote speakerAre you looking for a speaker for your event who can talk about what connects elite sports and achieving results in the business world? In sports, in addition to being in good shape, you need a lot of mental strength such as motivation, concentration, unyieldingness, a winning attitude and passion. Through true stories from [&hellip;]<\/p>\n","protected":false},"author":1,"featured_media":0,"parent":0,"menu_order":0,"comment_status":"closed","ping_status":"closed","template":"","meta":{"_et_pb_use_builder":"on","_et_pb_old_content":"","_et_gb_content_width":"","footnotes":""},"class_list":["post-469","page","type-page","status-publish","hentry"],"yoast_head":"<!-- This site is optimized with the Yoast SEO plugin v27.0 - https:\/\/yoast.com\/product\/yoast-seo-wordpress\/ -->\n<title>Keynote speaker - Kaisa Makarainen<\/title>\n<meta name=\"description\" content=\"Kaisa M\u00e4k\u00e4r\u00e4inen \u2013 Are you searching for a seasoned speaker on elite sports and performance for your event? | Contact me\" \/>\n<meta name=\"robots\" content=\"index, follow, max-snippet:-1, max-image-preview:large, max-video-preview:-1\" \/>\n<link rel=\"canonical\" href=\"https:\/\/kaisamakarainen.fi\/en\/keynote-speaker\/\" \/>\n<meta property=\"og:locale\" content=\"en_US\" \/>\n<meta property=\"og:type\" content=\"article\" \/>\n<meta property=\"og:title\" content=\"Keynote speaker - Kaisa Makarainen\" \/>\n<meta property=\"og:description\" content=\"Kaisa M\u00e4k\u00e4r\u00e4inen \u2013 Are you searching for a seasoned speaker on elite sports and performance for your event? | Contact me\" \/>\n<meta property=\"og:url\" content=\"https:\/\/kaisamakarainen.fi\/en\/keynote-speaker\/\" \/>\n<meta property=\"og:site_name\" content=\"Kaisa Makarainen\" \/>\n<meta property=\"article:modified_time\" content=\"2024-05-27T09:18:13+00:00\" \/>\n<meta name=\"twitter:card\" content=\"summary_large_image\" \/>\n<meta name=\"twitter:label1\" content=\"Est. reading time\" \/>\n\t<meta name=\"twitter:data1\" content=\"1 minute\" \/>\n<script type=\"application\/ld+json\" class=\"yoast-schema-graph\">{\"@context\":\"https:\/\/schema.org\",\"@graph\":[{\"@type\":\"WebPage\",\"@id\":\"https:\/\/kaisamakarainen.fi\/en\/keynote-speaker\/\",\"url\":\"https:\/\/kaisamakarainen.fi\/en\/keynote-speaker\/\",\"name\":\"Keynote speaker - Kaisa Makarainen\",\"isPartOf\":{\"@id\":\"https:\/\/kaisamakarainen.fi\/en\/#website\"},\"datePublished\":\"2024-04-18T10:23:35+00:00\",\"dateModified\":\"2024-05-27T09:18:13+00:00\",\"description\":\"Kaisa M\u00e4k\u00e4r\u00e4inen \u2013 Are you searching for a seasoned speaker on elite sports and performance for your event? | Contact me\",\"breadcrumb\":{\"@id\":\"https:\/\/kaisamakarainen.fi\/en\/keynote-speaker\/#breadcrumb\"},\"inLanguage\":\"en-US\",\"potentialAction\":[{\"@type\":\"ReadAction\",\"target\":[\"https:\/\/kaisamakarainen.fi\/en\/keynote-speaker\/\"]}]},{\"@type\":\"BreadcrumbList\",\"@id\":\"https:\/\/kaisamakarainen.fi\/en\/keynote-speaker\/#breadcrumb\",\"itemListElement\":[{\"@type\":\"ListItem\",\"position\":1,\"name\":\"Home\",\"item\":\"https:\/\/kaisamakarainen.fi\/en\/\"},{\"@type\":\"ListItem\",\"position\":2,\"name\":\"Keynote speaker\"}]},{\"@type\":\"WebSite\",\"@id\":\"https:\/\/kaisamakarainen.fi\/en\/#website\",\"url\":\"https:\/\/kaisamakarainen.fi\/en\/\",\"name\":\"Kaisa Makarainen\",\"description\":\"Ole huomenna parempi kuin t\u00e4n\u00e4\u00e4n\",\"potentialAction\":[{\"@type\":\"SearchAction\",\"target\":{\"@type\":\"EntryPoint\",\"urlTemplate\":\"https:\/\/kaisamakarainen.fi\/en\/?s={search_term_string}\"},\"query-input\":{\"@type\":\"PropertyValueSpecification\",\"valueRequired\":true,\"valueName\":\"search_term_string\"}}],\"inLanguage\":\"en-US\"}]}<\/script>\n<!-- \/ Yoast SEO plugin. -->","yoast_head_json":{"title":"Keynote speaker - Kaisa Makarainen","description":"Kaisa M\u00e4k\u00e4r\u00e4inen \u2013 Are you searching for a seasoned speaker on elite sports and performance for your event? | Contact me","robots":{"index":"index","follow":"follow","max-snippet":"max-snippet:-1","max-image-preview":"max-image-preview:large","max-video-preview":"max-video-preview:-1"},"canonical":"https:\/\/kaisamakarainen.fi\/en\/keynote-speaker\/","og_locale":"en_US","og_type":"article","og_title":"Keynote speaker - Kaisa Makarainen","og_description":"Kaisa M\u00e4k\u00e4r\u00e4inen \u2013 Are you searching for a seasoned speaker on elite sports and performance for your event? | Contact me","og_url":"https:\/\/kaisamakarainen.fi\/en\/keynote-speaker\/","og_site_name":"Kaisa Makarainen","article_modified_time":"2024-05-27T09:18:13+00:00","twitter_card":"summary_large_image","twitter_misc":{"Est. reading time":"1 minute"},"schema":{"@context":"https:\/\/schema.org","@graph":[{"@type":"WebPage","@id":"https:\/\/kaisamakarainen.fi\/en\/keynote-speaker\/","url":"https:\/\/kaisamakarainen.fi\/en\/keynote-speaker\/","name":"Keynote speaker - Kaisa Makarainen","isPartOf":{"@id":"https:\/\/kaisamakarainen.fi\/en\/#website"},"datePublished":"2024-04-18T10:23:35+00:00","dateModified":"2024-05-27T09:18:13+00:00","description":"Kaisa M\u00e4k\u00e4r\u00e4inen \u2013 Are you searching for a seasoned speaker on elite sports and performance for your event? | Contact me","breadcrumb":{"@id":"https:\/\/kaisamakarainen.fi\/en\/keynote-speaker\/#breadcrumb"},"inLanguage":"en-US","potentialAction":[{"@type":"ReadAction","target":["https:\/\/kaisamakarainen.fi\/en\/keynote-speaker\/"]}]},{"@type":"BreadcrumbList","@id":"https:\/\/kaisamakarainen.fi\/en\/keynote-speaker\/#breadcrumb","itemListElement":[{"@type":"ListItem","position":1,"name":"Home","item":"https:\/\/kaisamakarainen.fi\/en\/"},{"@type":"ListItem","position":2,"name":"Keynote speaker"}]},{"@type":"WebSite","@id":"https:\/\/kaisamakarainen.fi\/en\/#website","url":"https:\/\/kaisamakarainen.fi\/en\/","name":"Kaisa Makarainen","description":"Ole huomenna parempi kuin t\u00e4n\u00e4\u00e4n","potentialAction":[{"@type":"SearchAction","target":{"@type":"EntryPoint","urlTemplate":"https:\/\/kaisamakarainen.fi\/en\/?s={search_term_string}"},"query-input":{"@type":"PropertyValueSpecification","valueRequired":true,"valueName":"search_term_string"}}],"inLanguage":"en-US"}]}},"_links":{"self":[{"href":"https:\/\/kaisamakarainen.fi\/en\/wp-json\/wp\/v2\/pages\/469","targetHints":{"allow":["GET"]}}],"collection":[{"href":"https:\/\/kaisamakarainen.fi\/en\/wp-json\/wp\/v2\/pages"}],"about":[{"href":"https:\/\/kaisamakarainen.fi\/en\/wp-json\/wp\/v2\/types\/page"}],"author":[{"embeddable":true,"href":"https:\/\/kaisamakarainen.fi\/en\/wp-json\/wp\/v2\/users\/1"}],"replies":[{"embeddable":true,"href":"https:\/\/kaisamakarainen.fi\/en\/wp-json\/wp\/v2\/comments?post=469"}],"version-history":[{"count":5,"href":"https:\/\/kaisamakarainen.fi\/en\/wp-json\/wp\/v2\/pages\/469\/revisions"}],"predecessor-version":[{"id":961,"href":"https:\/\/kaisamakarainen.fi\/en\/wp-json\/wp\/v2\/pages\/469\/revisions\/961"}],"wp:attachment":[{"href":"https:\/\/kaisamakarainen.fi\/en\/wp-json\/wp\/v2\/media?parent=469"}],"curies":[{"name":"wp","href":"https:\/\/api.w.org\/{rel}","templated":true}]}}